{"id":2,"date":"2019-12-10T19:01:27","date_gmt":"2019-12-10T19:01:27","guid":{"rendered":"http:\/\/badgeproducer.net\/?page_id=2"},"modified":"2019-12-10T20:51:32","modified_gmt":"2019-12-10T19:51:32","slug":"regulamin","status":"publish","type":"page","link":"https:\/\/www.BadgeProducer.net\/index.php\/regulamin\/","title":{"rendered":"Regulamin"},"content":{"rendered":"\n<section>\n<h3>Zasady og\u00f3lne<\/h3>\n<ol>\n\t<li>Regulamin okre\u015bla zasady zawierania umowy sprzeda\u017cy za po\u015brednictwem Witryny dzia\u0142aj\u0105cej pod adresem: www.BadgeProducer.com, zwanej w dalszej cz\u0119\u015bci regulaminu Witryn\u0105<\/li>\n\t<li>Aktualny regulamin udost\u0119pniany jest pod linkiem <a href=\"https:\/\/www.badgeproducer.net\/index.php\/regulamin\/\/\" title=\"Regulamin BadgeProducer.net\" target=\"_new\" rel=\"noopener noreferrer\">Regulamin BadgeProducer.net<\/a><\/li>\n\t<li>Administratorem i w\u0142a\u015bcicielem Witryny jest:<br\/>\n\t\tAgencja Reklamowa SPOKO &#8211; Cezary Bera<br\/>\n\t\tul. Migda\u0142owa 12<br\/>\n\t\t61-612 Pozna\u0144<br\/>\n\t\tNIP: 777-130-43-80<br\/>\n\t\tREGON: 631193861<br\/>\n\t\tkonto: Inteligo PKO BP S.A.  50 1020 5558 1111 1167 4230 0062\n\t<\/li>\n\t<li>Witryna umo\u017cliwia sk\u0142adanie zam\u00f3wie\u0144 w dowolny dzie\u0144 o dowolnej porze.<\/li>\n\t<li>Ponadto mo\u017cliwy jest kontakt telefoniczny z obs\u0142ug\u0105 Witryny w dni powszednie w godzinach 8-16 pod numerami telefonu 61 825 95 83 oraz 601 150 123 oraz  oraz kontakt mailowy na adres office@BadgeProducer.com.<\/li>\n\t<li>Zam\u00f3wienia mog\u0105 samodzielnie sk\u0142ada\u0107 wy\u0142\u0105cznie osoby, kt\u00f3re uko\u0144czy\u0142y 13 rok \u017cycia.<\/li>\n\t<\/ol>\n\t\n<h3>Sposoby zamawiania<\/h3>\n<ol>\n\t<li>Nasze wyroby mo\u017cna zamawia\u0107 na 3 sposoby:\n\t\t<ul>\n\t\t<li>koszyk internetowy<\/li>\n\t\t<li>zam\u00f3wienia mailowe<\/li>\n\t\t<li>zam\u00f3wienia telefoniczne<\/li>\n\t\t<\/ul>\n\tSzczeg\u00f3\u0142owe instrukcje na temat sposob\u00f3w zamawiania s\u0105 publikowane w przyst\u0119pnej formie pod zak\u0142adk\u0105 <a href=\"https:\/\/www.badgeproducer.com\/zamawianie_i_dostawa\" title=\"Zamawianie i dostawa\" target=\"_new\" rel=\"noopener noreferrer\">Zamawianie i dostawa<\/a>.\n\t<\/li>\n\t<li>Termin realizacji zam\u00f3wienia zale\u017cy od liczby i rodzaju zamawianych wyrob\u00f3w, a tak\u017ce od bie\u017c\u0105cego obci\u0105\u017cenia innymi zam\u00f3wieniami.<\/li>\n\t<li>Typowe terminy realizacji s\u0105 okre\u015blone w zak\u0142adkach Cenniki.<\/li>\n\t<li>Nietypowe zam\u00f3wienia wymagaj\u0105 dodatkowych uzgodnie\u0144 z obs\u0142ug\u0105 Witryny. Zalecamy sk\u0142adanie zapyta\u0144 mailem, po wcze\u015bniejszej konsultacji telefonicznej z obs\u0142ug\u0105 Witryny.<\/li>\n<\/ol>\n\n<h3>P\u0142atno\u015b\u0107 i wysy\u0142ka<\/h3>\n<ol>\n\t<li>Witryna oferuje nast\u0119puj\u0105ce sposoby p\u0142atno\u015bci:\n\t\t<ul>\n\t\t<li>przekaz lub przelew na nasz rachunek bankowy<\/li>\n\t\t<li>p\u0142atno\u015b\u0107 elektroniczna lub za pomoc\u0105 karty p\u0142atniczej &#8211; poprzez PRZELEWY24<\/li>\n\t\t<li>p\u0142atno\u015b\u0107 w systemie PayPal<\/li>\n\t\t<li>p\u0142atno\u015b\u0107 za pobraniem &#8211; maks. do kwoty 500,00 z\u0142<\/li>\n\t\t<\/ul>\n\t<\/li>\n\t<li>Witryna oferuje nast\u0119puj\u0105ce sposoby wysy\u0142ki:\n\t\t<ul>\n\t\t<li>przesy\u0142ka kurierska<\/li>\n\t\t<li>przesy\u0142ka paczkomatowa InPost<\/li>\n\t\t<\/ul>\n\tSzczeg\u00f3\u0142owe instrukcje na temat sposob\u00f3w p\u0142atno\u015bci i wysy\u0142ki s\u0105 publikowane w przyst\u0119pnej formie na stronie www.BadgeProducer.net pod zak\u0142adk\u0105 <a href=\"https:\/\/www.badgeproducer.com\/zamawianie_i_dostawa\" title=\"Zamawianie i dostawa\" target=\"_new\" rel=\"noopener noreferrer\">Zamawianie i dostawa<\/a>.\n\t<\/li>\n<\/ol>\n\n<h3>Cenniki<\/h3>\n<ol>\n\t<li>Ceny naszych wyrob\u00f3w s\u0105 publikowane m.in. pod linkami:<br>\n\t\t<a href=\"https:\/\/www.badgeproducer.com\/maszynki_do_przypinek\" title=\"maszynki do przypinek\" target=\"_new\" rel=\"noopener noreferrer\">Cennik maszynki do przypinek<\/a><br>\n\t\t<a href=\"https:\/\/www.badgeproducer.com\/komponenty_do_przypinek\" title=\"komponenty do przypinek\" target=\"_new\" rel=\"noopener noreferrer\">Cennik komponenty do przypinek<\/a><br>\n\t<\/li>\n\t<li>Ceny s\u0105 podane w warto\u015bciach netto oraz brutto.<\/li>\n\t<li>Ceny jednostkowe uzale\u017cnione s\u0105 od zamawianego rodzaju produkt\u00f3w, liczby jednocze\u015bnie jednakowych produkt\u00f3w (nak\u0142adu).<\/li>\n\t<li>Zamawiaj\u0105cy ma prawo do nabycia wyrobu wed\u0142ug cen obowi\u0105zuj\u0105cych w momencie sk\u0142adania zam\u00f3wienia.<\/li>\n<\/ol>\n\n<h3>Reklamacja<\/h3>\n<ol>\n\t<li>Zamawiaj\u0105cy mo\u017ce sk\u0142ada\u0107 reklamacj\u0119 dotycz\u0105c\u0105 wyrobu.<\/li>\n\t<li>Reklamacj\u0119 mo\u017cna sk\u0142ada\u0107 poczt\u0105 tradycyjn\u0105 lub elektroniczn\u0105 na adres Agencji Reklamowej SPOKO. Poprawnie z\u0142o\u017cona reklamacja powinna zawiera\u0107 co najmniej:\n\t\t<ul>\n\t\t\t<li>imi\u0119, nazwisko, adres, adres e-mail Zamawiaj\u0105cego<\/li>\n\t\t\t<li>dat\u0119 zawarcia Umowy stanowi\u0105cej podstaw\u0119 reklamacji<\/li>\n\t\t\t<li>przedmiot reklamacji, ze wskazaniem \u017c\u0105dania Zamawiaj\u0105cego<\/li>\n\t\t\t<li>dow\u00f3d zakupu wyrobu<\/li>\n\t\t\t<li>wszelkie okoliczno\u015bci uzasadniaj\u0105ce reklamacj\u0119<\/li>\n\t\t<\/ul>\n\t<\/li>\n\t<li>Reklamacja nie zostanie uznana je\u015bli wskazane przez Zamawiaj\u0105cego dane nie b\u0119d\u0105 wystarczaj\u0105ce do rozpatrzenia reklamacji, w tym ustalenia Zam\u00f3wienia, kt\u00f3rego reklamacja dotyczy lub danych umo\u017cliwiaj\u0105cych kontakt z Zamawiaj\u0105cym.<\/li>\n\t<li>Reklamacja powinna zosta\u0107 rozpatrzona w terminie 14 dni od dnia otrzymania przez Agencj\u0119 Reklamow\u0105 SPOKO poprawnie z\u0142o\u017conej reklamacji.<\/li>\n\t<li>O rozstrzygni\u0119ciu reklamacji Zamawiaj\u0105cy zostanie poinformowany poczt\u0105 elektroniczn\u0105 lub tradycyjn\u0105.<\/li>\n\t<li>Reklamacji nie podlegaj\u0105:\n\t\t<ul>\n\t\t\t<li>uszkodzenia mechaniczne (podarcia, obtarcia, obicia itd.) powsta\u0142e z przyczyn innych ni\u017c wada tkwi\u0105ca w produkcie<\/li>\n\t\t\t<li>uszkodzenia lub odbarwienia wynik\u0142e z niew\u0142a\u015bciwego u\u017cytkowania i konserwacji produktu<\/li>\n\t\t\t<li>uszkodzenia wynik\u0142e z normalnego zu\u017cywania si\u0119 produktu<\/li>\n\t\t\t<li>uszkodzenie wynik\u0142e z powodu u\u017cywania produktu niezgodnie z jego przeznaczeniem<\/li>\n\t\t<\/ul>\n\t<\/li>\n<\/ol>\n\n<h3>Prawo odst\u0105pienia od umowy<\/h3>\n<ol>\n\t<li>Konsument ma prawo, bez podania jakiejkolwiek przyczyny, odst\u0105pi\u0107 od umowy w ci\u0105gu 14 dni od dnia w kt\u00f3rym konsument wszed\u0142 w fizyczne posiadanie towaru lub w kt\u00f3rym osoba trzecia inna ni\u017c przewo\u017anik i wskazana przez konsumenta wesz\u0142a w fizyczne posiadanie towaru.<\/li>\n\t<li>Konsumentem jest wy\u0142\u0105cznie klient, b\u0119d\u0105cy osob\u0105 fizyczn\u0105 dokonuj\u0105cy zakupu niezwi\u0105zanego bezpo\u015brednio z jej dzia\u0142alno\u015bci\u0105 gospodarcz\u0105 lub zawodow\u0105.<br>Je\u017celi nabywc\u0105 jest firma, w\u00f3wczas prawo odst\u0105pienia od umowy nie przyst\u0119puje.<\/li>\n\t<li>Odst\u0105pienie od umowy dla swojej wa\u017cno\u015bci wymaga z\u0142o\u017cenia przez klienta pisemnego o\u015bwiadczenia o odst\u0105pieniu od umowy, wys\u0142anego wraz z towarem i dowodem zakupu na adres: <br\/>\n\t\tAgencja Reklamowa SPOKO<br\/>\n\t\tul. Migda\u0142owa 12<br\/>\n\t\t61-612 Pozna\u0144<br\/>\nDla zachowania tego terminu wystarczy wys\u0142anie o\u015bwiadczenia o odst\u0105pieniu od umowy przed jego up\u0142ywem.<\/li>\n\t<li>Prawo odst\u0105pienia od umowy zawartej na odleg\u0142o\u015b\u0107 nie przys\u0142uguje konsumentowi w wypadkach \u015bwiadcze\u0144 o w\u0142a\u015bciwo\u015bciach okre\u015blonych przez konsumenta w z\u0142o\u017conym przez niego zam\u00f3wieniu lub \u015bci\u015ble zwi\u0105zanych z jego osob\u0105. Oznacza to, \u017ce Sprzedawca nie ma obowi\u0105zku przyj\u0119cia zwrotu towaru wykonanego na zam\u00f3wienie klienta lub na \u017cyczenie klienta zmodyfikowanego.<\/li>\n<\/ol>\n\n<h3>Przerwa techniczna<\/h3>\n<ol>\n\t<li>Agencja Reklamowa SPOKO nie ponosi odpowiedzialno\u015bci za brak dost\u0119pu do Witryny spowodowany czynnikami niezale\u017cnymi od Witryny oraz wynikaj\u0105cymi z tego konsekwencjami.<\/li\n<\/ol>\n\n<h3>Postanowienia ko\u0144cowe<\/h3>\n<ol>\n\t<li>Witryna zastrzega sobie prawo do zmiany Regulaminu. Wszelkie zmiany Regulaminu obowi\u0105zuj\u0105 od daty powiadomienia Zamawiaj\u0105cych o zmianie przez opublikowanie ich na stronie www.BadgeProducer.net w spos\u00f3b zapewniaj\u0105cy mo\u017cliwo\u015b\u0107 klient\u00f3w do zapoznania si\u0119 z takimi zmianami. Wprowadzone zmiany nie mog\u0105 wp\u0142ywa\u0107 na skuteczno\u015b\u0107 oraz spos\u00f3b wykonania z\u0142o\u017conych wcze\u015bniej zam\u00f3wie\u0144.<\/li>\n\t<li>Ewentualne spory wynikaj\u0105ce z umowy sprzeda\u017cy rozstrzyga s\u0105d w\u0142a\u015bciwy dla siedziby Agencji Reklamowej SPOKO.<\/li>\n\t<li>We wszystkich sprawach nieuregulowanych w niniejszym Regulaminie zastosowanie maj\u0105 przepisy powszechnie obowi\u0105zuj\u0105cego prawa polskiego. <\/li>\n\t<li>Niniejszy Regulamin wchodzi w \u017cycie z dniem 10 grudnia 2019 roku.<\/li>\n<\/ol>\n<\/section>\n\n","protected":false},"excerpt":{"rendered":"<p>Zasady og\u00f3lne Regulamin okre\u015bla zasady zawierania umowy sprzeda\u017cy za po\u015brednictwem Witryny dzia\u0142aj\u0105cej pod adresem: www.BadgeProducer.com, zwanej w dalszej cz\u0119\u015bci regulaminu Witryn\u0105 Aktualny regulamin udost\u0119pniany jest pod linkiem Regulamin BadgeProducer.net Administratorem i w\u0142a\u015bcicielem Witryny jest: Agencja Reklamowa SPOKO &#8211; Cezary Bera ul. Migda\u0142owa 12 61-612 Pozna\u0144 NIP: 777-130-43-80 REGON: 631193861 konto: Inteligo PKO BP S.A. 50 [&hellip;]<\/p>\n","protected":false},"author":1,"featured_media":0,"parent":0,"menu_order":0,"comment_status":"closed","ping_status":"open","template":"","meta":{"footnotes":""},"class_list":["post-2","page","type-page","status-publish","hentry"],"jetpack_sharing_enabled":true,"_links":{"self":[{"href":"https:\/\/www.BadgeProducer.net\/index.php\/wp-json\/wp\/v2\/pages\/2","targetHints":{"allow":["GET"]}}],"collection":[{"href":"https:\/\/www.BadgeProducer.net\/index.php\/wp-json\/wp\/v2\/pages"}],"about":[{"href":"https:\/\/www.BadgeProducer.net\/index.php\/wp-json\/wp\/v2\/types\/page"}],"author":[{"embeddable":true,"href":"https:\/\/www.BadgeProducer.net\/index.php\/wp-json\/wp\/v2\/users\/1"}],"replies":[{"embeddable":true,"href":"https:\/\/www.BadgeProducer.net\/index.php\/wp-json\/wp\/v2\/comments?post=2"}],"version-history":[{"count":0,"href":"https:\/\/www.BadgeProducer.net\/index.php\/wp-json\/wp\/v2\/pages\/2\/revisions"}],"wp:attachment":[{"href":"https:\/\/www.BadgeProducer.net\/index.php\/wp-json\/wp\/v2\/media?parent=2"}],"curies":[{"name":"wp","href":"https:\/\/api.w.org\/{rel}","templated":true}]}}