{"id":3574,"date":"2020-08-06T11:21:19","date_gmt":"2020-08-06T09:21:19","guid":{"rendered":"https:\/\/www.BadgeProducer.net\/?post_type=product&#038;p=3574"},"modified":"2022-06-15T07:17:34","modified_gmt":"2022-06-15T05:17:34","slug":"zabka-z-agrafka-hurt500","status":"publish","type":"product","link":"https:\/\/www.BadgeProducer.net\/index.php\/produkt\/zabka-z-agrafka-hurt500\/","title":{"rendered":"\u017babki z agrafk\u0105 HURT500"},"content":{"rendered":"<p>Samoprzylepn\u0105 klamr\u0119 &#8211; \u017cabk\u0119 nale\u017cy przymocowa\u0107 z ty\u0142u gotowej przypinki (przypink\u0119 przygotowujemy bez agrafki).<\/p>\n<p>Bia\u0142e \u017cabki wykonane s\u0105 z polipropylenu. To eleganckie i bezpieczne rozwi\u0105zanie dla u\u017cytkownik\u00f3w, kt\u00f3rzy maja obawy przed nak\u0142uwaniem swojej odzie\u017cy agrafk\u0105.<\/p>\n<p>Opakowanie zawiera 500 \u017cabek.<\/p>\n","protected":false},"excerpt":{"rendered":"<p>Samoprzylepn\u0105 klamr\u0119 &#8211; \u017cabk\u0119 nale\u017cy przymocowa\u0107 z ty\u0142u gotowej przypinki (przypink\u0119 przygotowujemy bez agrafki). Bia\u0142e \u017cabki wykonane s\u0105 z polipropylenu. To eleganckie i bezpieczne rozwi\u0105zanie dla u\u017cytkownik\u00f3w, kt\u00f3rzy maja obawy przed nak\u0142uwaniem swojej odzie\u017cy agrafk\u0105. Opakowanie zawiera 500 \u017cabek.<\/p>\n","protected":false},"featured_media":3564,"template":"","meta":[],"product_brand":[],"product_cat":[29],"product_tag":[],"class_list":{"0":"post-3574","1":"product","2":"type-product","3":"status-publish","4":"has-post-thumbnail","6":"product_cat-dodatki-i-inne-hurt500","8":"first","9":"instock","10":"taxable","11":"shipping-taxable","12":"purchasable","13":"product-type-simple"},"jetpack_sharing_enabled":true,"_links":{"self":[{"href":"https:\/\/www.BadgeProducer.net\/index.php\/wp-json\/wp\/v2\/product\/3574","targetHints":{"allow":["GET"]}}],"collection":[{"href":"https:\/\/www.BadgeProducer.net\/index.php\/wp-json\/wp\/v2\/product"}],"about":[{"href":"https:\/\/www.BadgeProducer.net\/index.php\/wp-json\/wp\/v2\/types\/product"}],"wp:featuredmedia":[{"embeddable":true,"href":"https:\/\/www.BadgeProducer.net\/index.php\/wp-json\/wp\/v2\/media\/3564"}],"wp:attachment":[{"href":"https:\/\/www.BadgeProducer.net\/index.php\/wp-json\/wp\/v2\/media?parent=3574"}],"wp:term":[{"taxonomy":"product_brand","embeddable":true,"href":"https:\/\/www.BadgeProducer.net\/index.php\/wp-json\/wp\/v2\/product_brand?post=3574"},{"taxonomy":"product_cat","embeddable":true,"href":"https:\/\/www.BadgeProducer.net\/index.php\/wp-json\/wp\/v2\/product_cat?post=3574"},{"taxonomy":"product_tag","embeddable":true,"href":"https:\/\/www.BadgeProducer.net\/index.php\/wp-json\/wp\/v2\/product_tag?post=3574"}],"curies":[{"name":"wp","href":"https:\/\/api.w.org\/{rel}","templated":true}]}}