{"id":3750,"date":"2020-11-30T21:05:06","date_gmt":"2020-11-30T20:05:06","guid":{"rendered":"https:\/\/www.BadgeProducer.net\/?post_type=product&#038;p=3750"},"modified":"2023-01-24T11:20:31","modified_gmt":"2023-01-24T10:20:31","slug":"komponenty-do-lusterek-o56-hurt500","status":"publish","type":"product","link":"https:\/\/www.BadgeProducer.net\/index.php\/produkt\/komponenty-do-lusterek-o56-hurt500\/","title":{"rendered":"Komponenty do lusterek \u00d856 HURT500"},"content":{"rendered":"<p>Opakowanie zawiera 500 komplet\u00f3w komponentu:<\/p>\n<ul>\n<li>front aluminiowy<\/li>\n<li>ty\u0142 (obr\u0119cz, lusterko oraz element t\u0142umi\u0105cy)<\/li>\n<li>folia ochronna<\/li>\n<\/ul>\n","protected":false},"excerpt":{"rendered":"<p>Cena komponentu maleje automatycznie wraz z ilo\u015bci\u0105 zamawianych r\u00f3wnocze\u015bnie opakowa\u0144 &#8211; szczeg\u00f3\u0142y <a title=\"cennik komponentu do lusterek\" href=\"https:\/\/www.badgeproducer.com\/lusterka\" target=\"_new\" rel=\"noopener noreferrer\">KLIKNIJ CENNIK<\/a>.<\/p>\n","protected":false},"featured_media":3745,"template":"","meta":[],"product_brand":[],"product_cat":[31],"product_tag":[],"class_list":{"0":"post-3750","1":"product","2":"type-product","3":"status-publish","4":"has-post-thumbnail","6":"product_cat-komponenty-do-lusterek-hurt500","8":"first","9":"instock","10":"taxable","11":"shipping-taxable","12":"purchasable","13":"product-type-simple"},"jetpack_sharing_enabled":true,"_links":{"self":[{"href":"https:\/\/www.BadgeProducer.net\/index.php\/wp-json\/wp\/v2\/product\/3750","targetHints":{"allow":["GET"]}}],"collection":[{"href":"https:\/\/www.BadgeProducer.net\/index.php\/wp-json\/wp\/v2\/product"}],"about":[{"href":"https:\/\/www.BadgeProducer.net\/index.php\/wp-json\/wp\/v2\/types\/product"}],"wp:featuredmedia":[{"embeddable":true,"href":"https:\/\/www.BadgeProducer.net\/index.php\/wp-json\/wp\/v2\/media\/3745"}],"wp:attachment":[{"href":"https:\/\/www.BadgeProducer.net\/index.php\/wp-json\/wp\/v2\/media?parent=3750"}],"wp:term":[{"taxonomy":"product_brand","embeddable":true,"href":"https:\/\/www.BadgeProducer.net\/index.php\/wp-json\/wp\/v2\/product_brand?post=3750"},{"taxonomy":"product_cat","embeddable":true,"href":"https:\/\/www.BadgeProducer.net\/index.php\/wp-json\/wp\/v2\/product_cat?post=3750"},{"taxonomy":"product_tag","embeddable":true,"href":"https:\/\/www.BadgeProducer.net\/index.php\/wp-json\/wp\/v2\/product_tag?post=3750"}],"curies":[{"name":"wp","href":"https:\/\/api.w.org\/{rel}","templated":true}]}}