{"id":4313,"date":"2021-09-13T11:25:03","date_gmt":"2021-09-13T09:25:03","guid":{"rendered":"https:\/\/www.BadgeProducer.net\/?post_type=product&#038;p=4313"},"modified":"2025-10-15T08:05:52","modified_gmt":"2025-10-15T06:05:52","slug":"podkladka-zeton-z-magnesem-hurt500","status":"publish","type":"product","link":"https:\/\/www.BadgeProducer.net\/index.php\/produkt\/podkladka-zeton-z-magnesem-hurt500\/","title":{"rendered":"Podk\u0142adka (\u017ceton) z magnesem HURT500"},"content":{"rendered":"<p>Podk\u0142adka (plastikowy kr\u0105\u017cek o \u015brednicy 21,5 mm z magnesem) do mocowania przypinek magnetycznych na odzie\u017cy (to wersja dla tych, kt\u00f3rzy nie lubi\u0105 agrafek).<br \/>\nMocowanie do odzie\u017cy staje si\u0119 mo\u017cliwe po w\u0142o\u017ceniu pod ni\u0105 specjalnej magnetycznej podk\u0142adki w kszta\u0142cie \u017cetonu. Podk\u0142adk\u0119 mo\u017cna u\u017cywa\u0107 jako \u017ceton do w\u00f3zk\u00f3w marketowych.<\/p>\n","protected":false},"excerpt":{"rendered":"<p>Podk\u0142adka (plastikowy kr\u0105\u017cek o \u015brednicy 21,5 mm z magnesem) do mocowania przypinek magnetycznych na odzie\u017cy (to wersja dla tych, kt\u00f3rzy nie lubi\u0105 agrafek). Mocowanie do odzie\u017cy staje si\u0119 mo\u017cliwe po w\u0142o\u017ceniu pod ni\u0105 specjalnej magnetycznej podk\u0142adki w kszta\u0142cie \u017cetonu. Podk\u0142adk\u0119 mo\u017cna u\u017cywa\u0107 jako \u017ceton do w\u00f3zk\u00f3w marketowych.<\/p>\n","protected":false},"featured_media":4314,"template":"","meta":[],"product_brand":[],"product_cat":[29],"product_tag":[],"class_list":{"0":"post-4313","1":"product","2":"type-product","3":"status-publish","4":"has-post-thumbnail","6":"product_cat-dodatki-i-inne-hurt500","8":"first","9":"instock","10":"taxable","11":"shipping-taxable","12":"purchasable","13":"product-type-simple"},"jetpack_sharing_enabled":true,"_links":{"self":[{"href":"https:\/\/www.BadgeProducer.net\/index.php\/wp-json\/wp\/v2\/product\/4313","targetHints":{"allow":["GET"]}}],"collection":[{"href":"https:\/\/www.BadgeProducer.net\/index.php\/wp-json\/wp\/v2\/product"}],"about":[{"href":"https:\/\/www.BadgeProducer.net\/index.php\/wp-json\/wp\/v2\/types\/product"}],"wp:featuredmedia":[{"embeddable":true,"href":"https:\/\/www.BadgeProducer.net\/index.php\/wp-json\/wp\/v2\/media\/4314"}],"wp:attachment":[{"href":"https:\/\/www.BadgeProducer.net\/index.php\/wp-json\/wp\/v2\/media?parent=4313"}],"wp:term":[{"taxonomy":"product_brand","embeddable":true,"href":"https:\/\/www.BadgeProducer.net\/index.php\/wp-json\/wp\/v2\/product_brand?post=4313"},{"taxonomy":"product_cat","embeddable":true,"href":"https:\/\/www.BadgeProducer.net\/index.php\/wp-json\/wp\/v2\/product_cat?post=4313"},{"taxonomy":"product_tag","embeddable":true,"href":"https:\/\/www.BadgeProducer.net\/index.php\/wp-json\/wp\/v2\/product_tag?post=4313"}],"curies":[{"name":"wp","href":"https:\/\/api.w.org\/{rel}","templated":true}]}}