{"id":6289,"date":"2023-04-13T14:02:18","date_gmt":"2023-04-13T12:02:18","guid":{"rendered":"https:\/\/www.BadgeProducer.net\/?post_type=product&#038;p=6289"},"modified":"2026-03-04T10:38:28","modified_gmt":"2026-03-04T09:38:28","slug":"kotylion-bialo-granatowy","status":"publish","type":"product","link":"https:\/\/www.BadgeProducer.net\/index.php\/produkt\/kotylion-bialo-granatowy\/","title":{"rendered":"Kotylion bia\u0142o-granatowy"},"content":{"rendered":"<p>Kotyliony przygotowane s\u0105 tak, aby pasowa\u0142y do przypinek robionych z naszych komponent\u00f3w w rozmiarach 50mm, 56mm oraz 58mm.<br \/>\nChodzi nie tylko o odpowiedni rozmiar kotylionu, ale r\u00f3wnie\u017c po\u0142o\u017cenie otwor\u00f3w, przez kt\u00f3re montuje si\u0119 nast\u0119pnie przypink\u0119 z jej agrafk\u0105.<br \/>\nKotyliony oferujemy w sta\u0142ej cenie jednostkowej, niezale\u017cnie od nak\u0142adu.<\/p>\n","protected":false},"excerpt":{"rendered":"<p>Kotyliony przygotowane s\u0105 tak, aby pasowa\u0142y do przypinek robionych z naszych komponent\u00f3w w rozmiarach 50mm, 56mm oraz 58mm. Chodzi nie tylko o odpowiedni rozmiar kotylionu, ale r\u00f3wnie\u017c po\u0142o\u017cenie otwor\u00f3w, przez kt\u00f3re montuje si\u0119 nast\u0119pnie przypink\u0119 z jej agrafk\u0105. Kotyliony oferujemy w sta\u0142ej cenie jednostkowej, niezale\u017cnie od nak\u0142adu.<\/p>\n","protected":false},"featured_media":6279,"template":"","meta":[],"product_brand":[],"product_cat":[36],"product_tag":[],"class_list":{"0":"post-6289","1":"product","2":"type-product","3":"status-publish","4":"has-post-thumbnail","6":"product_cat-kotyliony","8":"first","9":"instock","10":"taxable","11":"shipping-taxable","12":"purchasable","13":"product-type-simple"},"jetpack_sharing_enabled":true,"_links":{"self":[{"href":"https:\/\/www.BadgeProducer.net\/index.php\/wp-json\/wp\/v2\/product\/6289","targetHints":{"allow":["GET"]}}],"collection":[{"href":"https:\/\/www.BadgeProducer.net\/index.php\/wp-json\/wp\/v2\/product"}],"about":[{"href":"https:\/\/www.BadgeProducer.net\/index.php\/wp-json\/wp\/v2\/types\/product"}],"wp:featuredmedia":[{"embeddable":true,"href":"https:\/\/www.BadgeProducer.net\/index.php\/wp-json\/wp\/v2\/media\/6279"}],"wp:attachment":[{"href":"https:\/\/www.BadgeProducer.net\/index.php\/wp-json\/wp\/v2\/media?parent=6289"}],"wp:term":[{"taxonomy":"product_brand","embeddable":true,"href":"https:\/\/www.BadgeProducer.net\/index.php\/wp-json\/wp\/v2\/product_brand?post=6289"},{"taxonomy":"product_cat","embeddable":true,"href":"https:\/\/www.BadgeProducer.net\/index.php\/wp-json\/wp\/v2\/product_cat?post=6289"},{"taxonomy":"product_tag","embeddable":true,"href":"https:\/\/www.BadgeProducer.net\/index.php\/wp-json\/wp\/v2\/product_tag?post=6289"}],"curies":[{"name":"wp","href":"https:\/\/api.w.org\/{rel}","templated":true}]}}